{"id":29598,"date":"2026-03-16T08:53:52","date_gmt":"2026-03-16T08:53:52","guid":{"rendered":"https:\/\/lactedeco.fr\/?page_id=29598"},"modified":"2026-03-16T10:41:53","modified_gmt":"2026-03-16T10:41:53","slug":"portfolio","status":"publish","type":"page","link":"https:\/\/lactedeco.fr\/index.php\/portfolio\/","title":{"rendered":"Portfolio"},"content":{"rendered":"\t\t<div data-elementor-type=\"wp-page\" data-elementor-id=\"29598\" class=\"elementor elementor-29598\">\n\t\t\t\t<div class=\"elementor-element elementor-element-17f4468 e-con-full e-flex e-con e-parent\" data-id=\"17f4468\" data-element_type=\"container\" data-e-type=\"container\">\n\t\t\t\t<div class=\"elementor-element elementor-element-fc6a38b elementor-widget elementor-widget-heading\" data-id=\"fc6a38b\" data-element_type=\"widget\" data-e-type=\"widget\" data-widget_type=\"heading.default\">\n\t\t\t\t\t<h2 class=\"elementor-heading-title elementor-size-default\">D\u00e9couvrez quelques extraits de mon travail, des parenth\u00e8ses de vie, <br>des moments suspendus et des jolis d\u00e9tails.<br><\/h2>\t\t\t\t<\/div>\n\t\t\t\t<\/div>\n\t\t<div class=\"elementor-element elementor-element-eb3a1c0 e-flex e-con-boxed e-con e-parent\" data-id=\"eb3a1c0\" data-element_type=\"container\" data-e-type=\"container\">\n\t\t\t\t\t<div class=\"e-con-inner\">\n\t\t\t\t<div class=\"elementor-element elementor-element-a264e2e gallery-spacing-custom elementor-widget elementor-widget-image-gallery\" data-id=\"a264e2e\" data-element_type=\"widget\" data-e-type=\"widget\" data-widget_type=\"image-gallery.default\">\n\t\t\t\t\t\t\t<div class=\"elementor-image-gallery\">\n\t\t\t<div id='gallery-1' class='gallery galleryid-29598 gallery-columns-3 gallery-size-full'><figure class='gallery-item'>\n\t\t\t<div class='gallery-icon landscape'>\n\t\t\t\t<a data-elementor-open-lightbox=\"yes\" data-elementor-lightbox-slideshow=\"a264e2e\" data-elementor-lightbox-title=\"7\" data-e-action-hash=\"#elementor-action%3Aaction%3Dlightbox%26settings%3DeyJpZCI6Mjk2NjAsInVybCI6Imh0dHBzOlwvXC9sYWN0ZWRlY28uZnJcL3dwLWNvbnRlbnRcL3VwbG9hZHNcLzIwMjZcLzAzXC83LnBuZyIsInNsaWRlc2hvdyI6ImEyNjRlMmUifQ%3D%3D\" href='https:\/\/lactedeco.fr\/wp-content\/uploads\/2026\/03\/7.png'><img fetchpriority=\"high\" decoding=\"async\" width=\"2000\" height=\"2000\" src=\"https:\/\/lactedeco.fr\/wp-content\/uploads\/2026\/03\/7.png\" class=\"attachment-full size-full\" alt=\"\" \/><\/a>\n\t\t\t<\/div><\/figure><figure class='gallery-item'>\n\t\t\t<div class='gallery-icon landscape'>\n\t\t\t\t<a data-elementor-open-lightbox=\"yes\" data-elementor-lightbox-slideshow=\"a264e2e\" data-elementor-lightbox-title=\"5\" data-e-action-hash=\"#elementor-action%3Aaction%3Dlightbox%26settings%3DeyJpZCI6Mjk2NTgsInVybCI6Imh0dHBzOlwvXC9sYWN0ZWRlY28uZnJcL3dwLWNvbnRlbnRcL3VwbG9hZHNcLzIwMjZcLzAzXC81LnBuZyIsInNsaWRlc2hvdyI6ImEyNjRlMmUifQ%3D%3D\" href='https:\/\/lactedeco.fr\/wp-content\/uploads\/2026\/03\/5.png'><img decoding=\"async\" width=\"2000\" height=\"2000\" src=\"https:\/\/lactedeco.fr\/wp-content\/uploads\/2026\/03\/5.png\" class=\"attachment-full size-full\" alt=\"\" \/><\/a>\n\t\t\t<\/div><\/figure><figure class='gallery-item'>\n\t\t\t<div class='gallery-icon landscape'>\n\t\t\t\t<a data-elementor-open-lightbox=\"yes\" data-elementor-lightbox-slideshow=\"a264e2e\" data-elementor-lightbox-title=\"15\" data-e-action-hash=\"#elementor-action%3Aaction%3Dlightbox%26settings%3DeyJpZCI6Mjk2NjgsInVybCI6Imh0dHBzOlwvXC9sYWN0ZWRlY28uZnJcL3dwLWNvbnRlbnRcL3VwbG9hZHNcLzIwMjZcLzAzXC8xNS5wbmciLCJzbGlkZXNob3ciOiJhMjY0ZTJlIn0%3D\" href='https:\/\/lactedeco.fr\/wp-content\/uploads\/2026\/03\/15.png'><img decoding=\"async\" width=\"2000\" height=\"2000\" src=\"https:\/\/lactedeco.fr\/wp-content\/uploads\/2026\/03\/15.png\" class=\"attachment-full size-full\" alt=\"\" \/><\/a>\n\t\t\t<\/div><\/figure><figure class='gallery-item'>\n\t\t\t<div class='gallery-icon landscape'>\n\t\t\t\t<a data-elementor-open-lightbox=\"yes\" data-elementor-lightbox-slideshow=\"a264e2e\" data-elementor-lightbox-title=\"2\" data-e-action-hash=\"#elementor-action%3Aaction%3Dlightbox%26settings%3DeyJpZCI6Mjk2NTUsInVybCI6Imh0dHBzOlwvXC9sYWN0ZWRlY28uZnJcL3dwLWNvbnRlbnRcL3VwbG9hZHNcLzIwMjZcLzAzXC8yLnBuZyIsInNsaWRlc2hvdyI6ImEyNjRlMmUifQ%3D%3D\" href='https:\/\/lactedeco.fr\/wp-content\/uploads\/2026\/03\/2.png'><img loading=\"lazy\" decoding=\"async\" width=\"2000\" height=\"2000\" src=\"https:\/\/lactedeco.fr\/wp-content\/uploads\/2026\/03\/2.png\" class=\"attachment-full size-full\" alt=\"\" \/><\/a>\n\t\t\t<\/div><\/figure><figure class='gallery-item'>\n\t\t\t<div class='gallery-icon landscape'>\n\t\t\t\t<a data-elementor-open-lightbox=\"yes\" data-elementor-lightbox-slideshow=\"a264e2e\" data-elementor-lightbox-title=\"17\" data-e-action-hash=\"#elementor-action%3Aaction%3Dlightbox%26settings%3DeyJpZCI6Mjk2NzAsInVybCI6Imh0dHBzOlwvXC9sYWN0ZWRlY28uZnJcL3dwLWNvbnRlbnRcL3VwbG9hZHNcLzIwMjZcLzAzXC8xNy5wbmciLCJzbGlkZXNob3ciOiJhMjY0ZTJlIn0%3D\" href='https:\/\/lactedeco.fr\/wp-content\/uploads\/2026\/03\/17.png'><img loading=\"lazy\" decoding=\"async\" width=\"2000\" height=\"2000\" src=\"https:\/\/lactedeco.fr\/wp-content\/uploads\/2026\/03\/17.png\" class=\"attachment-full size-full\" alt=\"\" \/><\/a>\n\t\t\t<\/div><\/figure><figure class='gallery-item'>\n\t\t\t<div class='gallery-icon landscape'>\n\t\t\t\t<a data-elementor-open-lightbox=\"yes\" data-elementor-lightbox-slideshow=\"a264e2e\" data-elementor-lightbox-title=\"3\" data-e-action-hash=\"#elementor-action%3Aaction%3Dlightbox%26settings%3DeyJpZCI6Mjk2NTYsInVybCI6Imh0dHBzOlwvXC9sYWN0ZWRlY28uZnJcL3dwLWNvbnRlbnRcL3VwbG9hZHNcLzIwMjZcLzAzXC8zLnBuZyIsInNsaWRlc2hvdyI6ImEyNjRlMmUifQ%3D%3D\" href='https:\/\/lactedeco.fr\/wp-content\/uploads\/2026\/03\/3.png'><img loading=\"lazy\" decoding=\"async\" width=\"2000\" height=\"2000\" src=\"https:\/\/lactedeco.fr\/wp-content\/uploads\/2026\/03\/3.png\" class=\"attachment-full size-full\" alt=\"\" \/><\/a>\n\t\t\t<\/div><\/figure><figure class='gallery-item'>\n\t\t\t<div class='gallery-icon landscape'>\n\t\t\t\t<a data-elementor-open-lightbox=\"yes\" data-elementor-lightbox-slideshow=\"a264e2e\" data-elementor-lightbox-title=\"16\" data-e-action-hash=\"#elementor-action%3Aaction%3Dlightbox%26settings%3DeyJpZCI6Mjk2NjksInVybCI6Imh0dHBzOlwvXC9sYWN0ZWRlY28uZnJcL3dwLWNvbnRlbnRcL3VwbG9hZHNcLzIwMjZcLzAzXC8xNi5wbmciLCJzbGlkZXNob3ciOiJhMjY0ZTJlIn0%3D\" href='https:\/\/lactedeco.fr\/wp-content\/uploads\/2026\/03\/16.png'><img loading=\"lazy\" decoding=\"async\" width=\"2000\" height=\"2000\" src=\"https:\/\/lactedeco.fr\/wp-content\/uploads\/2026\/03\/16.png\" class=\"attachment-full size-full\" alt=\"\" \/><\/a>\n\t\t\t<\/div><\/figure><figure class='gallery-item'>\n\t\t\t<div class='gallery-icon landscape'>\n\t\t\t\t<a data-elementor-open-lightbox=\"yes\" data-elementor-lightbox-slideshow=\"a264e2e\" data-elementor-lightbox-title=\"11\" data-e-action-hash=\"#elementor-action%3Aaction%3Dlightbox%26settings%3DeyJpZCI6Mjk2NjQsInVybCI6Imh0dHBzOlwvXC9sYWN0ZWRlY28uZnJcL3dwLWNvbnRlbnRcL3VwbG9hZHNcLzIwMjZcLzAzXC8xMS5wbmciLCJzbGlkZXNob3ciOiJhMjY0ZTJlIn0%3D\" href='https:\/\/lactedeco.fr\/wp-content\/uploads\/2026\/03\/11.png'><img loading=\"lazy\" decoding=\"async\" width=\"2000\" height=\"2000\" src=\"https:\/\/lactedeco.fr\/wp-content\/uploads\/2026\/03\/11.png\" class=\"attachment-full size-full\" alt=\"\" \/><\/a>\n\t\t\t<\/div><\/figure><figure class='gallery-item'>\n\t\t\t<div class='gallery-icon landscape'>\n\t\t\t\t<a data-elementor-open-lightbox=\"yes\" data-elementor-lightbox-slideshow=\"a264e2e\" data-elementor-lightbox-title=\"14\" data-e-action-hash=\"#elementor-action%3Aaction%3Dlightbox%26settings%3DeyJpZCI6Mjk2NjcsInVybCI6Imh0dHBzOlwvXC9sYWN0ZWRlY28uZnJcL3dwLWNvbnRlbnRcL3VwbG9hZHNcLzIwMjZcLzAzXC8xNC5wbmciLCJzbGlkZXNob3ciOiJhMjY0ZTJlIn0%3D\" href='https:\/\/lactedeco.fr\/wp-content\/uploads\/2026\/03\/14.png'><img loading=\"lazy\" decoding=\"async\" width=\"2000\" height=\"2000\" src=\"https:\/\/lactedeco.fr\/wp-content\/uploads\/2026\/03\/14.png\" class=\"attachment-full size-full\" alt=\"\" \/><\/a>\n\t\t\t<\/div><\/figure><figure class='gallery-item'>\n\t\t\t<div class='gallery-icon landscape'>\n\t\t\t\t<a data-elementor-open-lightbox=\"yes\" data-elementor-lightbox-slideshow=\"a264e2e\" data-elementor-lightbox-title=\"4\" data-e-action-hash=\"#elementor-action%3Aaction%3Dlightbox%26settings%3DeyJpZCI6Mjk2NTcsInVybCI6Imh0dHBzOlwvXC9sYWN0ZWRlY28uZnJcL3dwLWNvbnRlbnRcL3VwbG9hZHNcLzIwMjZcLzAzXC80LnBuZyIsInNsaWRlc2hvdyI6ImEyNjRlMmUifQ%3D%3D\" href='https:\/\/lactedeco.fr\/wp-content\/uploads\/2026\/03\/4.png'><img loading=\"lazy\" decoding=\"async\" width=\"2000\" height=\"2000\" src=\"https:\/\/lactedeco.fr\/wp-content\/uploads\/2026\/03\/4.png\" class=\"attachment-full size-full\" alt=\"\" \/><\/a>\n\t\t\t<\/div><\/figure><figure class='gallery-item'>\n\t\t\t<div class='gallery-icon landscape'>\n\t\t\t\t<a data-elementor-open-lightbox=\"yes\" data-elementor-lightbox-slideshow=\"a264e2e\" data-elementor-lightbox-title=\"6\" data-e-action-hash=\"#elementor-action%3Aaction%3Dlightbox%26settings%3DeyJpZCI6Mjk2NTksInVybCI6Imh0dHBzOlwvXC9sYWN0ZWRlY28uZnJcL3dwLWNvbnRlbnRcL3VwbG9hZHNcLzIwMjZcLzAzXC82LnBuZyIsInNsaWRlc2hvdyI6ImEyNjRlMmUifQ%3D%3D\" href='https:\/\/lactedeco.fr\/wp-content\/uploads\/2026\/03\/6.png'><img loading=\"lazy\" decoding=\"async\" width=\"2000\" height=\"2000\" src=\"https:\/\/lactedeco.fr\/wp-content\/uploads\/2026\/03\/6.png\" class=\"attachment-full size-full\" alt=\"\" \/><\/a>\n\t\t\t<\/div><\/figure><figure class='gallery-item'>\n\t\t\t<div class='gallery-icon landscape'>\n\t\t\t\t<a data-elementor-open-lightbox=\"yes\" data-elementor-lightbox-slideshow=\"a264e2e\" data-elementor-lightbox-title=\"9\" data-e-action-hash=\"#elementor-action%3Aaction%3Dlightbox%26settings%3DeyJpZCI6Mjk2NjIsInVybCI6Imh0dHBzOlwvXC9sYWN0ZWRlY28uZnJcL3dwLWNvbnRlbnRcL3VwbG9hZHNcLzIwMjZcLzAzXC85LnBuZyIsInNsaWRlc2hvdyI6ImEyNjRlMmUifQ%3D%3D\" href='https:\/\/lactedeco.fr\/wp-content\/uploads\/2026\/03\/9.png'><img loading=\"lazy\" decoding=\"async\" width=\"2000\" height=\"2000\" src=\"https:\/\/lactedeco.fr\/wp-content\/uploads\/2026\/03\/9.png\" class=\"attachment-full size-full\" alt=\"\" \/><\/a>\n\t\t\t<\/div><\/figure><figure class='gallery-item'>\n\t\t\t<div class='gallery-icon landscape'>\n\t\t\t\t<a data-elementor-open-lightbox=\"yes\" data-elementor-lightbox-slideshow=\"a264e2e\" data-elementor-lightbox-title=\"1\" data-e-action-hash=\"#elementor-action%3Aaction%3Dlightbox%26settings%3DeyJpZCI6Mjk2NTQsInVybCI6Imh0dHBzOlwvXC9sYWN0ZWRlY28uZnJcL3dwLWNvbnRlbnRcL3VwbG9hZHNcLzIwMjZcLzAzXC8xLnBuZyIsInNsaWRlc2hvdyI6ImEyNjRlMmUifQ%3D%3D\" href='https:\/\/lactedeco.fr\/wp-content\/uploads\/2026\/03\/1.png'><img loading=\"lazy\" decoding=\"async\" width=\"2000\" height=\"2000\" src=\"https:\/\/lactedeco.fr\/wp-content\/uploads\/2026\/03\/1.png\" class=\"attachment-full size-full\" alt=\"\" \/><\/a>\n\t\t\t<\/div><\/figure><figure class='gallery-item'>\n\t\t\t<div class='gallery-icon landscape'>\n\t\t\t\t<a data-elementor-open-lightbox=\"yes\" data-elementor-lightbox-slideshow=\"a264e2e\" data-elementor-lightbox-title=\"13\" data-e-action-hash=\"#elementor-action%3Aaction%3Dlightbox%26settings%3DeyJpZCI6Mjk2NjYsInVybCI6Imh0dHBzOlwvXC9sYWN0ZWRlY28uZnJcL3dwLWNvbnRlbnRcL3VwbG9hZHNcLzIwMjZcLzAzXC8xMy5wbmciLCJzbGlkZXNob3ciOiJhMjY0ZTJlIn0%3D\" href='https:\/\/lactedeco.fr\/wp-content\/uploads\/2026\/03\/13.png'><img loading=\"lazy\" decoding=\"async\" width=\"2000\" height=\"2000\" src=\"https:\/\/lactedeco.fr\/wp-content\/uploads\/2026\/03\/13.png\" class=\"attachment-full size-full\" alt=\"\" \/><\/a>\n\t\t\t<\/div><\/figure><figure class='gallery-item'>\n\t\t\t<div class='gallery-icon landscape'>\n\t\t\t\t<a data-elementor-open-lightbox=\"yes\" data-elementor-lightbox-slideshow=\"a264e2e\" data-elementor-lightbox-title=\"8\" data-e-action-hash=\"#elementor-action%3Aaction%3Dlightbox%26settings%3DeyJpZCI6Mjk2NjEsInVybCI6Imh0dHBzOlwvXC9sYWN0ZWRlY28uZnJcL3dwLWNvbnRlbnRcL3VwbG9hZHNcLzIwMjZcLzAzXC84LnBuZyIsInNsaWRlc2hvdyI6ImEyNjRlMmUifQ%3D%3D\" href='https:\/\/lactedeco.fr\/wp-content\/uploads\/2026\/03\/8.png'><img loading=\"lazy\" decoding=\"async\" width=\"2000\" height=\"2000\" src=\"https:\/\/lactedeco.fr\/wp-content\/uploads\/2026\/03\/8.png\" class=\"attachment-full size-full\" alt=\"\" \/><\/a>\n\t\t\t<\/div><\/figure><figure class='gallery-item'>\n\t\t\t<div class='gallery-icon landscape'>\n\t\t\t\t<a data-elementor-open-lightbox=\"yes\" data-elementor-lightbox-slideshow=\"a264e2e\" data-elementor-lightbox-title=\"10\" data-e-action-hash=\"#elementor-action%3Aaction%3Dlightbox%26settings%3DeyJpZCI6Mjk2NjMsInVybCI6Imh0dHBzOlwvXC9sYWN0ZWRlY28uZnJcL3dwLWNvbnRlbnRcL3VwbG9hZHNcLzIwMjZcLzAzXC8xMC5wbmciLCJzbGlkZXNob3ciOiJhMjY0ZTJlIn0%3D\" href='https:\/\/lactedeco.fr\/wp-content\/uploads\/2026\/03\/10.png'><img loading=\"lazy\" decoding=\"async\" width=\"2000\" height=\"2000\" src=\"https:\/\/lactedeco.fr\/wp-content\/uploads\/2026\/03\/10.png\" class=\"attachment-full size-full\" alt=\"\" \/><\/a>\n\t\t\t<\/div><\/figure><figure class='gallery-item'>\n\t\t\t<div class='gallery-icon landscape'>\n\t\t\t\t<a data-elementor-open-lightbox=\"yes\" data-elementor-lightbox-slideshow=\"a264e2e\" data-elementor-lightbox-title=\"12\" data-e-action-hash=\"#elementor-action%3Aaction%3Dlightbox%26settings%3DeyJpZCI6Mjk2NjUsInVybCI6Imh0dHBzOlwvXC9sYWN0ZWRlY28uZnJcL3dwLWNvbnRlbnRcL3VwbG9hZHNcLzIwMjZcLzAzXC8xMi5wbmciLCJzbGlkZXNob3ciOiJhMjY0ZTJlIn0%3D\" href='https:\/\/lactedeco.fr\/wp-content\/uploads\/2026\/03\/12.png'><img loading=\"lazy\" decoding=\"async\" width=\"2000\" height=\"2000\" src=\"https:\/\/lactedeco.fr\/wp-content\/uploads\/2026\/03\/12.png\" class=\"attachment-full size-full\" alt=\"\" \/><\/a>\n\t\t\t<\/div><\/figure><figure class='gallery-item'>\n\t\t\t<div class='gallery-icon landscape'>\n\t\t\t\t<a data-elementor-open-lightbox=\"yes\" data-elementor-lightbox-slideshow=\"a264e2e\" data-elementor-lightbox-title=\"18\" data-e-action-hash=\"#elementor-action%3Aaction%3Dlightbox%26settings%3DeyJpZCI6Mjk2NzEsInVybCI6Imh0dHBzOlwvXC9sYWN0ZWRlY28uZnJcL3dwLWNvbnRlbnRcL3VwbG9hZHNcLzIwMjZcLzAzXC8xOC5wbmciLCJzbGlkZXNob3ciOiJhMjY0ZTJlIn0%3D\" href='https:\/\/lactedeco.fr\/wp-content\/uploads\/2026\/03\/18.png'><img loading=\"lazy\" decoding=\"async\" width=\"2000\" height=\"2000\" src=\"https:\/\/lactedeco.fr\/wp-content\/uploads\/2026\/03\/18.png\" class=\"attachment-full size-full\" alt=\"\" \/><\/a>\n\t\t\t<\/div><\/figure>\n\t\t<\/div>\n\t\t<\/div>\n\t\t\t\t\t\t<\/div>\n\t\t\t\t\t<\/div>\n\t\t\t\t<\/div>\n\t\t\t\t<\/div>\n\t\t","protected":false},"excerpt":{"rendered":"<p>D\u00e9couvrez quelques extraits de mon travail, des parenth\u00e8ses de vie, des moments suspendus et des jolis d\u00e9tails.<\/p>\n","protected":false},"author":1,"featured_media":0,"parent":0,"menu_order":0,"comment_status":"closed","ping_status":"closed","template":"","meta":{"footnotes":""},"class_list":["post-29598","page","type-page","status-publish","hentry"],"_links":{"self":[{"href":"https:\/\/lactedeco.fr\/index.php\/wp-json\/wp\/v2\/pages\/29598","targetHints":{"allow":["GET"]}}],"collection":[{"href":"https:\/\/lactedeco.fr\/index.php\/wp-json\/wp\/v2\/pages"}],"about":[{"href":"https:\/\/lactedeco.fr\/index.php\/wp-json\/wp\/v2\/types\/page"}],"author":[{"embeddable":true,"href":"https:\/\/lactedeco.fr\/index.php\/wp-json\/wp\/v2\/users\/1"}],"replies":[{"embeddable":true,"href":"https:\/\/lactedeco.fr\/index.php\/wp-json\/wp\/v2\/comments?post=29598"}],"version-history":[{"count":19,"href":"https:\/\/lactedeco.fr\/index.php\/wp-json\/wp\/v2\/pages\/29598\/revisions"}],"predecessor-version":[{"id":29686,"href":"https:\/\/lactedeco.fr\/index.php\/wp-json\/wp\/v2\/pages\/29598\/revisions\/29686"}],"wp:attachment":[{"href":"https:\/\/lactedeco.fr\/index.php\/wp-json\/wp\/v2\/media?parent=29598"}],"curies":[{"name":"wp","href":"https:\/\/api.w.org\/{rel}","templated":true}]}}