{"id":29704,"date":"2026-03-16T10:08:30","date_gmt":"2026-03-16T10:08:30","guid":{"rendered":"https:\/\/lactedeco.fr\/?page_id=29704"},"modified":"2026-03-16T10:42:05","modified_gmt":"2026-03-16T10:42:05","slug":"blog","status":"publish","type":"page","link":"https:\/\/lactedeco.fr\/index.php\/blog\/","title":{"rendered":"Blog"},"content":{"rendered":"\t\t<div data-elementor-type=\"wp-page\" data-elementor-id=\"29704\" class=\"elementor elementor-29704\">\n\t\t\t\t<div class=\"elementor-element elementor-element-ed34e4b e-flex e-con-boxed e-con e-parent\" data-id=\"ed34e4b\" data-element_type=\"container\" data-e-type=\"container\">\n\t\t\t\t\t<div class=\"e-con-inner\">\n\t\t\t\t<div class=\"elementor-element elementor-element-a856775 elementor-widget elementor-widget-bwp_recent_post\" data-id=\"a856775\" data-element_type=\"widget\" data-e-type=\"widget\" data-widget_type=\"bwp_recent_post.default\">\n\t\t\t\t<div class=\"elementor-widget-container\">\n\t\t\t\t\t<div class=\"bwp-recent-post default\">\r\n <div class=\"block\">\r\n \t\t<div class=\"block_content row\">\r\n\t\t\t\t\t<div class=\"item col-xl-4 col-lg-4 col-md-6 col-6\">\r\n\t\t\t\t<div  class=\"post-grid post-29739 post type-post status-publish format-standard has-post-thumbnail hentry category-blog\">\t\r\n\t\t\t\t\t<div class=\"post-inner style\">\r\n\t\t\t\t\t\t<div class=\"post-image\">\r\n\t\t\t\t\t\t\t<a class=\"post-thumbnail\" href=\"https:\/\/lactedeco.fr\/index.php\/2026\/03\/16\/arche-de-mariage-lelement-incontournable-pour-une-ceremonie-inoubliable\/\" aria-hidden=\"true\">\r\n\t\t\t\t\t\t\t<img loading=\"lazy\" decoding=\"async\" width=\"720\" height=\"484\" src=\"https:\/\/lactedeco.fr\/wp-content\/uploads\/2026\/03\/30-720x484.png\" class=\"attachment-post-thumbnail size-post-thumbnail wp-post-image\" alt=\"Arche de mariage : l\u2019\u00e9l\u00e9ment incontournable pour une c\u00e9r\u00e9monie inoubliable\" \/>\t\t\t\t\t\t\t<\/a>\r\n\t\t\t\t\t\t<\/div>\r\n\t\t\t\t\t\t<div class=\"post-content\">\r\n\t\t\t\t\t\t\t<div class=\"content-post\">\r\n\t\t\t\t\t\t\t\t\t\t\t\t\t\t\t\t<div class=\"post-categories\">\r\n\t\t\t\t\t\t\t\t\t<a href=\"https:\/\/lactedeco.fr\/index.php\/category\/blog\/\">Blog<\/a>\r\n\t\t\t\t\t\t\t\t<\/div>\r\n\t\t\t\t\t\t\t\t\t\t\t\t\t\t\t\t<h2 class=\"entry-title\"><a href=\"https:\/\/lactedeco.fr\/index.php\/2026\/03\/16\/arche-de-mariage-lelement-incontournable-pour-une-ceremonie-inoubliable\/\">Arche de mariage : l\u2019\u00e9l\u00e9ment incontournable pour une c\u00e9r\u00e9monie inoubliable<\/a><\/h2>\r\n\t\t\t\t\t\t\t\t<div class=\"entry-by entry-meta\">\r\n\t\t\t\t\t\t\t\t\t\t\t\t\t\t\t\t\t\t<div class=\"comments-link\">\r\n\t\t\t\t\t\t\t\t\t\t<i class=\"wpb-icon-chat\"><\/i>\r\n\t\t\t\t\t\t\t\t\t\t<a href=\"#respond\" >\r\n\t\t\t\t\t\t\t\t\t\t\t\t\t\t\t\t\t\t\t\t\t\t\t0<span> Comments<\/span>\t\t\t\t\t\t\t\t\t\t\t\t\t\t\t\t\t\t\t\t\t<\/a>\r\n\t\t\t\t\t\t\t\t\t<\/div>\r\n\t\t\t\t\t\t\t\t<\/div>\r\n\t\t\t\t\t\t\t\t<p class=\"post-excerpt\">\nV\u00e9ritable point central de la c\u00e9r\u00e9monie, l\u2019arche de mariage est devenue un incontournable des unions modernes, en particulier pour les c\u00e9r\u00e9monies la\u00efques. \u00c0 la... <\/p><div class=\"btn-read-more\"><a class=\"read-more\" href=\"https:\/\/lactedeco.fr\/index.php\/2026\/03\/16\/arche-de-mariage-lelement-incontournable-pour-une-ceremonie-inoubliable\/\">Read more<\/a><\/div>\t\t\t\t\t\t\t<\/div>\r\n\t\t\t\t\t\t<\/div>\r\n\t\t\t\t\t<\/div>\r\n\t\t\t\t<\/div><!-- #post-## -->\r\n\t\t\t<\/div>\r\n\t\t\t\t\t<div class=\"item col-xl-4 col-lg-4 col-md-6 col-6\">\r\n\t\t\t\t<div  class=\"post-grid post-29732 post type-post status-publish format-standard has-post-thumbnail hentry category-blog\">\t\r\n\t\t\t\t\t<div class=\"post-inner style\">\r\n\t\t\t\t\t\t<div class=\"post-image\">\r\n\t\t\t\t\t\t\t<a class=\"post-thumbnail\" href=\"https:\/\/lactedeco.fr\/index.php\/2026\/03\/16\/decoration-de-mariage-theme-vin-une-ambiance-chaleureuse-entre-rouge-profond-et-bois-naturel\/\" aria-hidden=\"true\">\r\n\t\t\t\t\t\t\t<img loading=\"lazy\" decoding=\"async\" width=\"720\" height=\"484\" src=\"https:\/\/lactedeco.fr\/wp-content\/uploads\/2026\/03\/27-720x484.png\" class=\"attachment-post-thumbnail size-post-thumbnail wp-post-image\" alt=\"D\u00e9coration de mariage th\u00e8me vin : une ambiance chaleureuse entre rouge profond et bois naturel\" \/>\t\t\t\t\t\t\t<\/a>\r\n\t\t\t\t\t\t<\/div>\r\n\t\t\t\t\t\t<div class=\"post-content\">\r\n\t\t\t\t\t\t\t<div class=\"content-post\">\r\n\t\t\t\t\t\t\t\t\t\t\t\t\t\t\t\t<div class=\"post-categories\">\r\n\t\t\t\t\t\t\t\t\t<a href=\"https:\/\/lactedeco.fr\/index.php\/category\/blog\/\">Blog<\/a>\r\n\t\t\t\t\t\t\t\t<\/div>\r\n\t\t\t\t\t\t\t\t\t\t\t\t\t\t\t\t<h2 class=\"entry-title\"><a href=\"https:\/\/lactedeco.fr\/index.php\/2026\/03\/16\/decoration-de-mariage-theme-vin-une-ambiance-chaleureuse-entre-rouge-profond-et-bois-naturel\/\">D\u00e9coration de mariage th\u00e8me vin : une ambiance chaleureuse entre rouge profond et bois naturel<\/a><\/h2>\r\n\t\t\t\t\t\t\t\t<div class=\"entry-by entry-meta\">\r\n\t\t\t\t\t\t\t\t\t\t\t\t\t\t\t\t\t\t<div class=\"comments-link\">\r\n\t\t\t\t\t\t\t\t\t\t<i class=\"wpb-icon-chat\"><\/i>\r\n\t\t\t\t\t\t\t\t\t\t<a href=\"#respond\" >\r\n\t\t\t\t\t\t\t\t\t\t\t\t\t\t\t\t\t\t\t\t\t\t\t0<span> Comments<\/span>\t\t\t\t\t\t\t\t\t\t\t\t\t\t\t\t\t\t\t\t\t<\/a>\r\n\t\t\t\t\t\t\t\t\t<\/div>\r\n\t\t\t\t\t\t\t\t<\/div>\r\n\t\t\t\t\t\t\t\t<p class=\"post-excerpt\">\nLe th\u00e8me du vin s\u00e9duit de plus en plus de futurs mari\u00e9s en qu\u00eate d\u2019une d\u00e9coration \u00e9l\u00e9gante, conviviale et authentique. Inspir\u00e9 des vignobles, des... <\/p><div class=\"btn-read-more\"><a class=\"read-more\" href=\"https:\/\/lactedeco.fr\/index.php\/2026\/03\/16\/decoration-de-mariage-theme-vin-une-ambiance-chaleureuse-entre-rouge-profond-et-bois-naturel\/\">Read more<\/a><\/div>\t\t\t\t\t\t\t<\/div>\r\n\t\t\t\t\t\t<\/div>\r\n\t\t\t\t\t<\/div>\r\n\t\t\t\t<\/div><!-- #post-## -->\r\n\t\t\t<\/div>\r\n\t\t\t\t\t<div class=\"item col-xl-4 col-lg-4 col-md-6 col-6\">\r\n\t\t\t\t<div  class=\"post-grid post-29697 post type-post status-publish format-standard has-post-thumbnail hentry category-blog\">\t\r\n\t\t\t\t\t<div class=\"post-inner style\">\r\n\t\t\t\t\t\t<div class=\"post-image\">\r\n\t\t\t\t\t\t\t<a class=\"post-thumbnail\" href=\"https:\/\/lactedeco.fr\/index.php\/2026\/03\/16\/decoration-de-mariage-sur-le-theme-du-voyage-une-scenographie-elegante-aux-tons-bleu-dore-et-marron\/\" aria-hidden=\"true\">\r\n\t\t\t\t\t\t\t<img loading=\"lazy\" decoding=\"async\" width=\"720\" height=\"484\" src=\"https:\/\/lactedeco.fr\/wp-content\/uploads\/2026\/03\/7-720x484.png\" class=\"attachment-post-thumbnail size-post-thumbnail wp-post-image\" alt=\"D\u00e9coration de mariage sur le th\u00e8me du voyage : une sc\u00e9nographie \u00e9l\u00e9gante aux tons bleu, dor\u00e9 et marron\" \/>\t\t\t\t\t\t\t<\/a>\r\n\t\t\t\t\t\t<\/div>\r\n\t\t\t\t\t\t<div class=\"post-content\">\r\n\t\t\t\t\t\t\t<div class=\"content-post\">\r\n\t\t\t\t\t\t\t\t\t\t\t\t\t\t\t\t<div class=\"post-categories\">\r\n\t\t\t\t\t\t\t\t\t<a href=\"https:\/\/lactedeco.fr\/index.php\/category\/blog\/\">Blog<\/a>\r\n\t\t\t\t\t\t\t\t<\/div>\r\n\t\t\t\t\t\t\t\t\t\t\t\t\t\t\t\t<h2 class=\"entry-title\"><a href=\"https:\/\/lactedeco.fr\/index.php\/2026\/03\/16\/decoration-de-mariage-sur-le-theme-du-voyage-une-scenographie-elegante-aux-tons-bleu-dore-et-marron\/\">D\u00e9coration de mariage sur le th\u00e8me du voyage : une sc\u00e9nographie \u00e9l\u00e9gante aux tons bleu, dor\u00e9 et marron<\/a><\/h2>\r\n\t\t\t\t\t\t\t\t<div class=\"entry-by entry-meta\">\r\n\t\t\t\t\t\t\t\t\t\t\t\t\t\t\t\t\t\t<div class=\"comments-link\">\r\n\t\t\t\t\t\t\t\t\t\t<i class=\"wpb-icon-chat\"><\/i>\r\n\t\t\t\t\t\t\t\t\t\t<a href=\"#respond\" >\r\n\t\t\t\t\t\t\t\t\t\t\t\t\t\t\t\t\t\t\t\t\t\t\t0<span> Comments<\/span>\t\t\t\t\t\t\t\t\t\t\t\t\t\t\t\t\t\t\t\t\t<\/a>\r\n\t\t\t\t\t\t\t\t\t<\/div>\r\n\t\t\t\t\t\t\t\t<\/div>\r\n\t\t\t\t\t\t\t\t<p class=\"post-excerpt\">\nOrganiser un mariage sur le th\u00e8me du voyage est une merveilleuse fa\u00e7on de raconter une histoire : celle de deux personnes qui partent \u00e0... <\/p><div class=\"btn-read-more\"><a class=\"read-more\" href=\"https:\/\/lactedeco.fr\/index.php\/2026\/03\/16\/decoration-de-mariage-sur-le-theme-du-voyage-une-scenographie-elegante-aux-tons-bleu-dore-et-marron\/\">Read more<\/a><\/div>\t\t\t\t\t\t\t<\/div>\r\n\t\t\t\t\t\t<\/div>\r\n\t\t\t\t\t<\/div>\r\n\t\t\t\t<\/div><!-- #post-## -->\r\n\t\t\t<\/div>\r\n\t\t\t<\/div>\r\n <\/div>\r\n<\/div>\r\n\t\t\t\t<\/div>\n\t\t\t\t<\/div>\n\t\t\t\t\t<\/div>\n\t\t\t\t<\/div>\n\t\t\t\t<\/div>\n\t\t","protected":false},"excerpt":{"rendered":"<p>Mariages D\u00e9coration de mariage sur le th\u00e8me du voyage : une sc\u00e9nographie \u00e9l\u00e9gante aux tons bleu, dor\u00e9 et marron 0 Comments Organiser un mariage sur le th\u00e8me du voyage est une merveilleuse fa\u00e7on de raconter une histoire : celle de deux personnes qui partent \u00e0&#8230; Read more<\/p>\n","protected":false},"author":1,"featured_media":0,"parent":0,"menu_order":0,"comment_status":"closed","ping_status":"closed","template":"","meta":{"footnotes":""},"class_list":["post-29704","page","type-page","status-publish","hentry","has-post-thumbnail"],"_links":{"self":[{"href":"https:\/\/lactedeco.fr\/index.php\/wp-json\/wp\/v2\/pages\/29704","targetHints":{"allow":["GET"]}}],"collection":[{"href":"https:\/\/lactedeco.fr\/index.php\/wp-json\/wp\/v2\/pages"}],"about":[{"href":"https:\/\/lactedeco.fr\/index.php\/wp-json\/wp\/v2\/types\/page"}],"author":[{"embeddable":true,"href":"https:\/\/lactedeco.fr\/index.php\/wp-json\/wp\/v2\/users\/1"}],"replies":[{"embeddable":true,"href":"https:\/\/lactedeco.fr\/index.php\/wp-json\/wp\/v2\/comments?post=29704"}],"version-history":[{"count":7,"href":"https:\/\/lactedeco.fr\/index.php\/wp-json\/wp\/v2\/pages\/29704\/revisions"}],"predecessor-version":[{"id":29712,"href":"https:\/\/lactedeco.fr\/index.php\/wp-json\/wp\/v2\/pages\/29704\/revisions\/29712"}],"wp:attachment":[{"href":"https:\/\/lactedeco.fr\/index.php\/wp-json\/wp\/v2\/media?parent=29704"}],"curies":[{"name":"wp","href":"https:\/\/api.w.org\/{rel}","templated":true}]}}