{"id":9162,"date":"2020-02-04T01:22:03","date_gmt":"2020-02-04T01:22:03","guid":{"rendered":"https:\/\/wpbingosite.com\/wordpress\/florial\/?page_id=9162"},"modified":"2026-03-16T20:33:12","modified_gmt":"2026-03-16T20:33:12","slug":"accueil","status":"publish","type":"page","link":"https:\/\/lactedeco.fr\/","title":{"rendered":"Accueil"},"content":{"rendered":"\t\t<div data-elementor-type=\"wp-page\" data-elementor-id=\"9162\" class=\"elementor elementor-9162\">\n\t\t\t\t\t\t<section class=\"elementor-section elementor-top-section elementor-element elementor-element-de802ab elementor-section-full_width elementor-section-height-default elementor-section-height-default\" data-id=\"de802ab\" data-element_type=\"section\" data-e-type=\"section\">\n\t\t\t\t\t\t<div class=\"elementor-container elementor-column-gap-default\">\n\t\t\t\t\t<div class=\"elementor-column elementor-col-100 elementor-top-column elementor-element elementor-element-472f96f\" data-id=\"472f96f\" data-element_type=\"column\" data-e-type=\"column\">\n\t\t\t<div class=\"elementor-widget-wrap elementor-element-populated\">\n\t\t\t\t\t\t<div class=\"elementor-element elementor-element-921a8cb elementor-widget__width-inherit elementor-widget elementor-widget-bwp_slider\" data-id=\"921a8cb\" data-element_type=\"widget\" data-e-type=\"widget\" data-widget_type=\"bwp_slider.default\">\n\t\t\t\t<div class=\"elementor-widget-container\">\n\t\t\t\t\t\t\t<div class=\"bwp-slider slider-homepage1\">\r\n\t\t\t\t<div class=\"slick-carousel slick-carousel-center\" data-autoplay=\"true\" data-dots=\"false\"  data-nav=\"false\" data-columns4=\"1\" data-columns3=\"1\" data-columns2=\"1\" data-columns1=\"1\" data-columns1440=\"1\" data-columns=\"1\">\r\n\t\t\t\t\t\t\t<div class=\"item\">\r\n\t\t\t\t\t<div class=\"item-content\">\r\n\t\t\t\t\t\t<div class=\"content-image\">\r\n\t\t\t\t\t\t\t\t\t\t\t\t\t\t\t<img decoding=\"async\" src=\"http:\/\/lactedeco.fr\/wp-content\/uploads\/2026\/01\/Home.png\" alt=\"Image Slider\">\r\n\t\t\t\t\t\t\t\t\t\t\t\t\t<\/div>\r\n\t\t\t\t\t\t<div class=\"item-info horizontal_center vertical_middle align_left\">\r\n\t\t\t\t\t\t\t<div class=\"content\">\r\n\t\t\t\t\t\t\t\t\t\t\t\t\t\t\t\t\t\t\t\t\t\t\t\t\t\t\t\t\t\t\t\t\t\t\t\t\t\t\t<\/div>\r\n\t\t\t\t\t\t<\/div>\r\n\t\t\t\t\t<\/div>\r\n\t\t\t\t<\/div>\r\n\t\t\t\t\t<\/div>\r\n\t<\/div>\r\n\t\t\t\t<\/div>\n\t\t\t\t<\/div>\n\t\t\t\t<div class=\"elementor-element elementor-element-22568a3 elementor-widget elementor-widget-heading\" data-id=\"22568a3\" data-element_type=\"widget\" data-e-type=\"widget\" data-widget_type=\"heading.default\">\n\t\t\t\t\t<h2 class=\"elementor-heading-title elementor-size-default\">D\u00c9CORATRICE DE VOS \u00c9V\u00c9NEMENTS<\/h2>\t\t\t\t<\/div>\n\t\t\t\t<div class=\"elementor-element elementor-element-b1fa1f3 elementor-widget elementor-widget-heading\" data-id=\"b1fa1f3\" data-element_type=\"widget\" data-e-type=\"widget\" data-widget_type=\"heading.default\">\n\t\t\t\t\t<h2 class=\"elementor-heading-title elementor-size-default\">MARIAGE - BAPT\u00caME - \u00c9V\u00c8NEMENT D\u2019ENTREPRISE -  ANNIVERSAIRE - LOCATION DE D\u00c9CORATION<\/h2>\t\t\t\t<\/div>\n\t\t\t\t<div class=\"elementor-element elementor-element-37d0a7b elementor-widget-divider--view-line elementor-widget elementor-widget-divider\" data-id=\"37d0a7b\" data-element_type=\"widget\" data-e-type=\"widget\" data-widget_type=\"divider.default\">\n\t\t\t\t\t\t\t<div class=\"elementor-divider\">\n\t\t\t<span class=\"elementor-divider-separator\">\n\t\t\t\t\t\t<\/span>\n\t\t<\/div>\n\t\t\t\t\t\t<\/div>\n\t\t\t\t\t<\/div>\n\t\t<\/div>\n\t\t\t\t\t<\/div>\n\t\t<\/section>\n\t\t<div class=\"elementor-element elementor-element-1307d43 e-flex e-con-boxed e-con e-parent\" data-id=\"1307d43\" data-element_type=\"container\" data-e-type=\"container\">\n\t\t\t\t\t<div class=\"e-con-inner\">\n\t\t<div class=\"elementor-element elementor-element-1463123 e-con-full e-flex e-con e-child\" data-id=\"1463123\" data-element_type=\"container\" data-e-type=\"container\">\n\t\t\t\t<div class=\"elementor-element elementor-element-cf24313 elementor-widget elementor-widget-heading\" data-id=\"cf24313\" data-element_type=\"widget\" data-e-type=\"widget\" data-widget_type=\"heading.default\">\n\t\t\t\t\t<h2 class=\"elementor-heading-title elementor-size-default\">DESIGNER D'AMBIANCE <br>PASSIONN\u00c9E<\/h2>\t\t\t\t<\/div>\n\t\t\t\t<div class=\"elementor-element elementor-element-e5167b6 elementor-widget-divider--view-line elementor-widget elementor-widget-divider\" data-id=\"e5167b6\" data-element_type=\"widget\" data-e-type=\"widget\" data-widget_type=\"divider.default\">\n\t\t\t\t\t\t\t<div class=\"elementor-divider\">\n\t\t\t<span class=\"elementor-divider-separator\">\n\t\t\t\t\t\t<\/span>\n\t\t<\/div>\n\t\t\t\t\t\t<\/div>\n\t\t\t\t<div class=\"elementor-element elementor-element-a2450d0 elementor-widget elementor-widget-text-editor\" data-id=\"a2450d0\" data-element_type=\"widget\" data-e-type=\"widget\" data-widget_type=\"text-editor.default\">\n\t\t\t\t\t\t\t\t\t<p>\u00a0<span style=\"font-size: 1rem;\">L&#8217;acte d\u00e9co est une entreprise sp\u00e9cialis\u00e9e dans la d\u00e9coration d&#8217;\u00e9v\u00e9nements et la location d&#8217;\u00e9l\u00e9ments d\u00e9coratifs pour sublimer les instants pr\u00e9cieux de la vie.<\/span><\/p><p>Je vous accompagne avec \u00e9coute, cr\u00e9ativit\u00e9 et pr\u00e9cision pour imaginer une d\u00e9coration qui vous ressemble, pour un \u00e9v\u00e9nement \u00e0 votre image.<br \/>Pour une d\u00e9coration \u00e9l\u00e9gante, chaleureuse et ponctu\u00e9e de d\u00e9tails uniques, vous \u00eates au bon endroit.\u00a0<\/p><p>Entrez dans l&#8217;univers singulier de L&#8217;acte D\u00e9co et donnons vie \u00e0 vos plus belles histoires<span style=\"font-size: 1rem;\">.<\/span><\/p>\t\t\t\t\t\t\t\t<\/div>\n\t\t\t\t<\/div>\n\t\t<div class=\"elementor-element elementor-element-7f9d06f e-con-full e-flex e-con e-child\" data-id=\"7f9d06f\" data-element_type=\"container\" data-e-type=\"container\">\n\t\t\t\t<div class=\"elementor-element elementor-element-0284cba elementor-widget elementor-widget-image\" data-id=\"0284cba\" data-element_type=\"widget\" data-e-type=\"widget\" data-widget_type=\"image.default\">\n\t\t\t\t\t\t\t\t\t\t\t\t\t\t\t<img fetchpriority=\"high\" decoding=\"async\" width=\"810\" height=\"592\" src=\"https:\/\/lactedeco.fr\/wp-content\/uploads\/2026\/01\/home2.png\" class=\"attachment-2048x2048 size-2048x2048 wp-image-29569\" alt=\"\" \/>\t\t\t\t\t\t\t\t\t\t\t\t\t\t\t<\/div>\n\t\t\t\t<\/div>\n\t\t\t\t\t<\/div>\n\t\t\t\t<\/div>\n\t\t<div class=\"elementor-element elementor-element-10734a0 e-flex e-con-boxed e-con e-parent\" data-id=\"10734a0\" data-element_type=\"container\" data-e-type=\"container\">\n\t\t\t\t\t<div class=\"e-con-inner\">\n\t\t<div class=\"elementor-element elementor-element-7d2d827 e-con-full e-flex e-con e-child\" data-id=\"7d2d827\" data-element_type=\"container\" data-e-type=\"container\">\n\t\t\t\t<div class=\"elementor-element elementor-element-cf13295 elementor-widget elementor-widget-image\" data-id=\"cf13295\" data-element_type=\"widget\" data-e-type=\"widget\" data-widget_type=\"image.default\">\n\t\t\t\t\t\t\t\t\t\t\t\t\t\t\t<img decoding=\"async\" width=\"810\" height=\"592\" src=\"https:\/\/lactedeco.fr\/wp-content\/uploads\/2026\/01\/Accueil2.png\" class=\"attachment-2048x2048 size-2048x2048 wp-image-29408\" alt=\"\" \/>\t\t\t\t\t\t\t\t\t\t\t\t\t\t\t<\/div>\n\t\t\t\t<\/div>\n\t\t<div class=\"elementor-element elementor-element-960695f e-con-full e-flex e-con e-child\" data-id=\"960695f\" data-element_type=\"container\" data-e-type=\"container\">\n\t\t\t\t<div class=\"elementor-element elementor-element-eba91cd elementor-widget elementor-widget-heading\" data-id=\"eba91cd\" data-element_type=\"widget\" data-e-type=\"widget\" data-widget_type=\"heading.default\">\n\t\t\t\t\t<h2 class=\"elementor-heading-title elementor-size-default\">MA MISSION<\/h2>\t\t\t\t<\/div>\n\t\t\t\t<div class=\"elementor-element elementor-element-21ee7b8 elementor-widget-divider--view-line elementor-widget elementor-widget-divider\" data-id=\"21ee7b8\" data-element_type=\"widget\" data-e-type=\"widget\" data-widget_type=\"divider.default\">\n\t\t\t\t\t\t\t<div class=\"elementor-divider\">\n\t\t\t<span class=\"elementor-divider-separator\">\n\t\t\t\t\t\t<\/span>\n\t\t<\/div>\n\t\t\t\t\t\t<\/div>\n\t\t\t\t<div class=\"elementor-element elementor-element-d1f280c elementor-widget elementor-widget-text-editor\" data-id=\"d1f280c\" data-element_type=\"widget\" data-e-type=\"widget\" data-widget_type=\"text-editor.default\">\n\t\t\t\t\t\t\t\t\t<p>\u00a0Imaginer et cr\u00e9er avec vous des univers uniques pour c\u00e9l\u00e9brer vos plus beaux moment. Que ce soit pour un mariage, un anniversaire, un \u00e9v\u00e9nement pro ou une occasion sp\u00e9ciale, je mets tout mon coeur \u00e0 d\u00e9nicher les bonnes id\u00e9es, chiner les objets coups de coeur et sublimer chaque d\u00e9tails de votre d\u00e9coration.<\/p><p>Vous accueillir dans mon univers, vous \u00e9couter, vous conseiller, vous accompagner avec douceur et authenticit\u00e9, c&#8217;est \u00e7a aussi L&#8217;Acte d\u00e9co !<\/p><p>Dans ma petite entreprise, il y a de la joie, de la cr\u00e9ativit\u00e9, de la bienveillance et une grande dose de sinc\u00e9rit\u00e9, d&#8217;attention et de passion.\u00a0<\/p>\t\t\t\t\t\t\t\t<\/div>\n\t\t\t\t<\/div>\n\t\t\t\t\t<\/div>\n\t\t\t\t<\/div>\n\t\t\t\t<section class=\"elementor-section elementor-top-section elementor-element elementor-element-d5022b2 animated-fast elementor-section-boxed elementor-section-height-default elementor-section-height-default elementor-invisible\" data-id=\"d5022b2\" data-element_type=\"section\" data-e-type=\"section\" data-settings=\"{&quot;background_background&quot;:&quot;classic&quot;,&quot;animation&quot;:&quot;slideInUp&quot;}\">\n\t\t\t\t\t\t\t<div class=\"elementor-background-overlay\"><\/div>\n\t\t\t\t\t\t\t<div class=\"elementor-container elementor-column-gap-default\">\n\t\t\t\t\t<div class=\"elementor-column elementor-col-50 elementor-top-column elementor-element elementor-element-6ba180e\" data-id=\"6ba180e\" data-element_type=\"column\" data-e-type=\"column\">\n\t\t\t<div class=\"elementor-widget-wrap elementor-element-populated\">\n\t\t\t\t\t\t<div class=\"elementor-element elementor-element-13b9646 elementor-widget elementor-widget-heading\" data-id=\"13b9646\" data-element_type=\"widget\" data-e-type=\"widget\" data-widget_type=\"heading.default\">\n\t\t\t\t\t<h2 class=\"elementor-heading-title elementor-size-default\">MON TRAVAIL C'EST :<\/h2>\t\t\t\t<\/div>\n\t\t\t\t<div class=\"elementor-element elementor-element-2932260 elementor-widget-divider--view-line elementor-widget elementor-widget-divider\" data-id=\"2932260\" data-element_type=\"widget\" data-e-type=\"widget\" data-widget_type=\"divider.default\">\n\t\t\t\t\t\t\t<div class=\"elementor-divider\">\n\t\t\t<span class=\"elementor-divider-separator\">\n\t\t\t\t\t\t<\/span>\n\t\t<\/div>\n\t\t\t\t\t\t<\/div>\n\t\t\t\t<div class=\"elementor-element elementor-element-2136acd elementor-widget elementor-widget-text-editor\" data-id=\"2136acd\" data-element_type=\"widget\" data-e-type=\"widget\" data-widget_type=\"text-editor.default\">\n\t\t\t\t\t\t\t\t\t<p>\u00a0<\/p><ul><li>Chiner, mixer, assembler avec soin.<\/li><li>Apporter du sens a chaque detail.<\/li><li>Creer du beau, mais surtout du vrai.<\/li><li>Vous faire sentir bien, en confiance.<\/li><li>Imaginer des ambiances sur-mesure, rien que pour vous\u200b.<\/li><li>Concevoir des decorations simples, chaleureuses et pleines d&#8217;\u00e2me.<\/li><li>Vous accompagner dans l&#8217;emotion, les choix et les envies.<\/li><li>Et mettre beaucoup, beaucoup d&#8217;amour dans chaque projet.\u200b<\/li><\/ul><p>Je mets ma cr\u00e9ativit\u00e9 aux services de vos \u00e9v\u00e9nements !<\/p>\t\t\t\t\t\t\t\t<\/div>\n\t\t\t\t<div class=\"elementor-element elementor-element-bd638c6 elementor-widget elementor-widget-button\" data-id=\"bd638c6\" data-element_type=\"widget\" data-e-type=\"widget\" data-widget_type=\"button.default\">\n\t\t\t\t\t\t\t\t\t\t<a class=\"elementor-button elementor-button-link elementor-size-sm\" href=\"https:\/\/lactedeco.fr\/index.php\/decoration\/\">\n\t\t\t\t\t\t<span class=\"elementor-button-content-wrapper\">\n\t\t\t\t\t\t\t\t\t<span class=\"elementor-button-text\">D\u00e9couvrir mes formules<\/span>\n\t\t\t\t\t<\/span>\n\t\t\t\t\t<\/a>\n\t\t\t\t\t\t\t\t<\/div>\n\t\t\t\t\t<\/div>\n\t\t<\/div>\n\t\t\t\t<div class=\"elementor-column elementor-col-50 elementor-top-column elementor-element elementor-element-d8f6ed0\" data-id=\"d8f6ed0\" data-element_type=\"column\" data-e-type=\"column\">\n\t\t\t<div class=\"elementor-widget-wrap elementor-element-populated\">\n\t\t\t\t\t\t<div class=\"elementor-element elementor-element-d35814d elementor-widget elementor-widget-image\" data-id=\"d35814d\" data-element_type=\"widget\" data-e-type=\"widget\" data-widget_type=\"image.default\">\n\t\t\t\t\t\t\t\t\t\t\t\t\t\t\t<img decoding=\"async\" width=\"810\" height=\"592\" src=\"https:\/\/lactedeco.fr\/wp-content\/uploads\/2026\/01\/accueil5.png\" class=\"attachment-large size-large wp-image-29448\" alt=\"\" \/>\t\t\t\t\t\t\t\t\t\t\t\t\t\t\t<\/div>\n\t\t\t\t\t<\/div>\n\t\t<\/div>\n\t\t\t\t\t<\/div>\n\t\t<\/section>\n\t\t\t\t<section class=\"elementor-section elementor-top-section elementor-element elementor-element-e6d5831 animated-fast elementor-section-boxed elementor-section-height-default elementor-section-height-default elementor-invisible\" data-id=\"e6d5831\" data-element_type=\"section\" data-e-type=\"section\" data-settings=\"{&quot;animation&quot;:&quot;slideInUp&quot;}\">\n\t\t\t\t\t\t<div class=\"elementor-container elementor-column-gap-default\">\n\t\t\t\t\t<div class=\"elementor-column elementor-col-100 elementor-top-column elementor-element elementor-element-30e8b10\" data-id=\"30e8b10\" data-element_type=\"column\" data-e-type=\"column\">\n\t\t\t<div class=\"elementor-widget-wrap elementor-element-populated\">\n\t\t\t\t\t\t<div class=\"elementor-element elementor-element-ba1a3c2 elementor-widget elementor-widget-heading\" data-id=\"ba1a3c2\" data-element_type=\"widget\" data-e-type=\"widget\" data-widget_type=\"heading.default\">\n\t\t\t\t\t<h2 class=\"elementor-heading-title elementor-size-default\">Nos cat\u00e9gories de produits<\/h2>\t\t\t\t<\/div>\n\t\t\t\t<div class=\"elementor-element elementor-element-3a4c629 elementor-widget-divider--view-line elementor-widget elementor-widget-divider\" data-id=\"3a4c629\" data-element_type=\"widget\" data-e-type=\"widget\" data-widget_type=\"divider.default\">\n\t\t\t\t\t\t\t<div class=\"elementor-divider\">\n\t\t\t<span class=\"elementor-divider-separator\">\n\t\t\t\t\t\t<\/span>\n\t\t<\/div>\n\t\t\t\t\t\t<\/div>\n\t\t\t\t<div class=\"elementor-element elementor-element-8fd11e9 elementor-widget elementor-widget-bwp_product_categories\" data-id=\"8fd11e9\" data-element_type=\"widget\" data-e-type=\"widget\" data-widget_type=\"bwp_product_categories.default\">\n\t\t\t\t<div class=\"elementor-widget-container\">\n\t\t\t\t\t<div id=\"category_slide_8271898421775567659\" class=\"bwp-woo-categories slider2\">\r\n\t\t\t\t\t\t<div class=\"content-category slick-carousel\" data-dots=\"0\" data-slidesToScroll=\"true\" data-nav=\"0\" data-columns4=\"1\" data-columns3=\"2\" data-columns2=\"3\" data-columns1=\"3\" data-columns1440=\"3\" data-columns=\"3\">\r\n\t\t\t\t\t\t\t\t\t\t\t\t\t\t\t\t<div class=\"item item-product-cat\">\t\r\n\t\t\t\t\t\t\t\t\t\t\t\t\t<div class=\"item-product-cat-content\">\r\n\t\t\t\t\t\t\t\t\t\t\t\t\t\t\t\t\t\t\t\t\t\t\t\t\t<a href=\"https:\/\/lactedeco.fr\/index.php\/product-category\/decoration\/\">\r\n\t\t\t\t\t\t\t\t\t\t<div class=\"item-thumbnail elementor-animation-wobble-horizontal\">\r\n\t\t\t\t\t\t\t\t\t\t\t<img decoding=\"async\" src=\"http:\/\/lactedeco.fr\/wp-content\/uploads\/2026\/01\/Decoration-300x300.png\" alt=\"decoration\" \/>\r\n\t\t\t\t\t\t\t\t\t\t<\/div>\r\n\t\t\t\t\t\t\t\t\t<\/a>\r\n\t\t\t\t\t\t\t\t\t\t\t\t\t\t\t\r\n\t\t\t\t\t\t\t\t\t\t\t\t\t\t\t\t<div class=\"product-cat-content-info\">\r\n\t\t\t\t\t\t\t\t\t\t\t\t\t\t\t\t\t\t<h2 class=\"item-title\">\r\n\t\t\t\t\t\t\t\t\t\t<a href=\"https:\/\/lactedeco.fr\/index.php\/product-category\/decoration\/\">D\u00e9coration<\/a>\r\n\t\t\t\t\t\t\t\t\t<\/h2>\r\n\t\t\t\t\t\t\t\t\t\t\t\t\t\t\t\t\t\t\t\t\t\t\t\t\t\t<\/div>\r\n\t\t\t\t\t\t\t<\/div>\r\n\t\t\t\t\t\t \r\n\t\t\t\t\t\t\t<\/div>\r\n\t\t\t\t\t\t\t\t\t\t\t\t\t\r\n\t\t\t\t\t\t\t\t\t\t\t\t\t\t\t\t<div class=\"item item-product-cat\">\t\r\n\t\t\t\t\t\t\t\t\t\t\t\t\t<div class=\"item-product-cat-content\">\r\n\t\t\t\t\t\t\t\t\t\t\t\t\t\t\t\t\t\t\t\t\t\t\t\t\t<a href=\"https:\/\/lactedeco.fr\/index.php\/product-category\/lumiere\/\">\r\n\t\t\t\t\t\t\t\t\t\t<div class=\"item-thumbnail elementor-animation-wobble-horizontal\">\r\n\t\t\t\t\t\t\t\t\t\t\t<img decoding=\"async\" src=\"http:\/\/lactedeco.fr\/wp-content\/uploads\/2026\/01\/Lumieres-300x300.png\" alt=\"lumiere\" \/>\r\n\t\t\t\t\t\t\t\t\t\t<\/div>\r\n\t\t\t\t\t\t\t\t\t<\/a>\r\n\t\t\t\t\t\t\t\t\t\t\t\t\t\t\t\r\n\t\t\t\t\t\t\t\t\t\t\t\t\t\t\t\t<div class=\"product-cat-content-info\">\r\n\t\t\t\t\t\t\t\t\t\t\t\t\t\t\t\t\t\t<h2 class=\"item-title\">\r\n\t\t\t\t\t\t\t\t\t\t<a href=\"https:\/\/lactedeco.fr\/index.php\/product-category\/lumiere\/\">Lumi\u00e8re<\/a>\r\n\t\t\t\t\t\t\t\t\t<\/h2>\r\n\t\t\t\t\t\t\t\t\t\t\t\t\t\t\t\t\t\t\t\t\t\t\t\t\t\t<\/div>\r\n\t\t\t\t\t\t\t<\/div>\r\n\t\t\t\t\t\t \r\n\t\t\t\t\t\t\t<\/div>\r\n\t\t\t\t\t\t\t\t\t\t\t\t\t\r\n\t\t\t\t\t\t\t\t\t\t\t\t\t\t\t\t<div class=\"item item-product-cat\">\t\r\n\t\t\t\t\t\t\t\t\t\t\t\t\t<div class=\"item-product-cat-content\">\r\n\t\t\t\t\t\t\t\t\t\t\t\t\t\t\t\t\t\t\t\t\t\t\t\t\t<a href=\"https:\/\/lactedeco.fr\/index.php\/product-category\/vases-et-contenants\/\">\r\n\t\t\t\t\t\t\t\t\t\t<div class=\"item-thumbnail elementor-animation-wobble-horizontal\">\r\n\t\t\t\t\t\t\t\t\t\t\t<img decoding=\"async\" src=\"http:\/\/lactedeco.fr\/wp-content\/uploads\/2026\/01\/contenants-300x300.png\" alt=\"vases-et-contenants\" \/>\r\n\t\t\t\t\t\t\t\t\t\t<\/div>\r\n\t\t\t\t\t\t\t\t\t<\/a>\r\n\t\t\t\t\t\t\t\t\t\t\t\t\t\t\t\r\n\t\t\t\t\t\t\t\t\t\t\t\t\t\t\t\t<div class=\"product-cat-content-info\">\r\n\t\t\t\t\t\t\t\t\t\t\t\t\t\t\t\t\t\t<h2 class=\"item-title\">\r\n\t\t\t\t\t\t\t\t\t\t<a href=\"https:\/\/lactedeco.fr\/index.php\/product-category\/vases-et-contenants\/\">Vases et contenants<\/a>\r\n\t\t\t\t\t\t\t\t\t<\/h2>\r\n\t\t\t\t\t\t\t\t\t\t\t\t\t\t\t\t\t\t\t\t\t\t\t\t\t\t<\/div>\r\n\t\t\t\t\t\t\t<\/div>\r\n\t\t\t\t\t\t \r\n\t\t\t\t\t\t\t<\/div>\r\n\t\t\t\t\t\t\t\t\t\t\t\t\t\r\n\t\t\t\t\t<\/div>\r\n\t<\/div>\t\t\t\t<\/div>\n\t\t\t\t<\/div>\n\t\t\t\t\t<\/div>\n\t\t<\/div>\n\t\t\t\t\t<\/div>\n\t\t<\/section>\n\t\t<div class=\"elementor-element elementor-element-473e482 e-flex e-con-boxed e-con e-parent\" data-id=\"473e482\" data-element_type=\"container\" data-e-type=\"container\" data-settings=\"{&quot;background_background&quot;:&quot;classic&quot;}\">\n\t\t\t\t\t<div class=\"e-con-inner\">\n\t\t<div class=\"elementor-element elementor-element-c45b0cb e-con-full e-flex e-con e-child\" data-id=\"c45b0cb\" data-element_type=\"container\" data-e-type=\"container\">\n\t\t\t\t<div class=\"elementor-element elementor-element-e02864c elementor-widget elementor-widget-image\" data-id=\"e02864c\" data-element_type=\"widget\" data-e-type=\"widget\" data-widget_type=\"image.default\">\n\t\t\t\t\t\t\t\t\t\t\t\t\t\t\t<img loading=\"lazy\" decoding=\"async\" width=\"810\" height=\"592\" src=\"https:\/\/lactedeco.fr\/wp-content\/uploads\/2026\/01\/img-1.png\" class=\"attachment-full size-full wp-image-29592\" alt=\"\" \/>\t\t\t\t\t\t\t\t\t\t\t\t\t\t\t<\/div>\n\t\t\t\t<\/div>\n\t\t<div class=\"elementor-element elementor-element-8bd5c75 e-con-full e-flex e-con e-child\" data-id=\"8bd5c75\" data-element_type=\"container\" data-e-type=\"container\">\n\t\t\t\t<div class=\"elementor-element elementor-element-f9da232 elementor-widget-tablet__width-initial elementor-widget elementor-widget-heading\" data-id=\"f9da232\" data-element_type=\"widget\" data-e-type=\"widget\" data-widget_type=\"heading.default\">\n\t\t\t\t\t<h2 class=\"elementor-heading-title elementor-size-default\"><br>D\u00c9CORATRICE \u00c9V\u00c9NEMENTIELLE<br>EN NORMANDIE<\/h2>\t\t\t\t<\/div>\n\t\t\t\t<div class=\"elementor-element elementor-element-97e809f elementor-widget-divider--view-line elementor-widget elementor-widget-divider\" data-id=\"97e809f\" data-element_type=\"widget\" data-e-type=\"widget\" data-widget_type=\"divider.default\">\n\t\t\t\t\t\t\t<div class=\"elementor-divider\">\n\t\t\t<span class=\"elementor-divider-separator\">\n\t\t\t\t\t\t<\/span>\n\t\t<\/div>\n\t\t\t\t\t\t<\/div>\n\t\t\t\t<div class=\"elementor-element elementor-element-90a3c1c elementor-widget-tablet__width-initial elementor-widget elementor-widget-text-editor\" data-id=\"90a3c1c\" data-element_type=\"widget\" data-e-type=\"widget\" data-widget_type=\"text-editor.default\">\n\t\t\t\t\t\t\t\t\t<p>\u00a0<\/p><p style=\"text-align: left;\">Je suis Amandine, d\u00e9coratrice \u00e9v\u00e9nementielle passionn\u00e9e en Normandie.<\/p><p style=\"text-align: left;\">Chineuse de belles ambiances, amoureuse de mati\u00e8res, de d\u00e9tails qui font la diff\u00e9rence et des \u00e9motions partag\u00e9es !<\/p><p style=\"text-align: left;\">C&#8217;est moi, derri\u00e8re L&#8217;Acte D\u00e9co !<\/p>\t\t\t\t\t\t\t\t<\/div>\n\t\t\t\t<\/div>\n\t\t\t\t\t<\/div>\n\t\t\t\t<\/div>\n\t\t<div class=\"elementor-element elementor-element-6052052 e-flex e-con-boxed e-con e-parent\" data-id=\"6052052\" data-element_type=\"container\" data-e-type=\"container\">\n\t\t\t\t\t<div class=\"e-con-inner\">\n\t\t\t\t<div class=\"elementor-element elementor-element-57d2c55 elementor-widget elementor-widget-spacer\" data-id=\"57d2c55\" data-element_type=\"widget\" data-e-type=\"widget\" data-widget_type=\"spacer.default\">\n\t\t\t\t\t\t\t<div class=\"elementor-spacer\">\n\t\t\t<div class=\"elementor-spacer-inner\"><\/div>\n\t\t<\/div>\n\t\t\t\t\t\t<\/div>\n\t\t\t\t\t<\/div>\n\t\t\t\t<\/div>\n\t\t\t\t<\/div>\n\t\t","protected":false},"excerpt":{"rendered":"<p>D\u00c9CORATRICE DE VOS \u00c9V\u00c9NEMENTS MARIAGE &#8211; BAPT\u00caME &#8211; \u00c9V\u00c8NEMENT D\u2019ENTREPRISE &#8211; ANNIVERSAIRE &#8211; LOCATION DE D\u00c9CORATION DESIGNER D&#8217;AMBIANCE PASSIONN\u00c9E \u00a0L&#8217;acte d\u00e9co est une entreprise sp\u00e9cialis\u00e9e dans la d\u00e9coration d&#8217;\u00e9v\u00e9nements et la location d&#8217;\u00e9l\u00e9ments d\u00e9coratifs pour sublimer les instants pr\u00e9cieux de la vie. Je vous accompagne avec \u00e9coute, cr\u00e9ativit\u00e9 et pr\u00e9cision pour imaginer une d\u00e9coration qui [&hellip;]<\/p>\n","protected":false},"author":1,"featured_media":0,"parent":0,"menu_order":0,"comment_status":"closed","ping_status":"closed","template":"page-templates\/homepage.php","meta":{"footnotes":""},"class_list":["post-9162","page","type-page","status-publish","hentry"],"_links":{"self":[{"href":"https:\/\/lactedeco.fr\/index.php\/wp-json\/wp\/v2\/pages\/9162","targetHints":{"allow":["GET"]}}],"collection":[{"href":"https:\/\/lactedeco.fr\/index.php\/wp-json\/wp\/v2\/pages"}],"about":[{"href":"https:\/\/lactedeco.fr\/index.php\/wp-json\/wp\/v2\/types\/page"}],"author":[{"embeddable":true,"href":"https:\/\/lactedeco.fr\/index.php\/wp-json\/wp\/v2\/users\/1"}],"replies":[{"embeddable":true,"href":"https:\/\/lactedeco.fr\/index.php\/wp-json\/wp\/v2\/comments?post=9162"}],"version-history":[{"count":172,"href":"https:\/\/lactedeco.fr\/index.php\/wp-json\/wp\/v2\/pages\/9162\/revisions"}],"predecessor-version":[{"id":29772,"href":"https:\/\/lactedeco.fr\/index.php\/wp-json\/wp\/v2\/pages\/9162\/revisions\/29772"}],"wp:attachment":[{"href":"https:\/\/lactedeco.fr\/index.php\/wp-json\/wp\/v2\/media?parent=9162"}],"curies":[{"name":"wp","href":"https:\/\/api.w.org\/{rel}","templated":true}]}}