{"id":29468,"date":"2026-01-11T18:58:33","date_gmt":"2026-01-11T18:58:33","guid":{"rendered":"https:\/\/lactedeco.fr\/?post_type=product&#038;p=29468"},"modified":"2026-01-17T15:01:20","modified_gmt":"2026-01-17T15:01:20","slug":"boite-a-alliances","status":"publish","type":"product","link":"https:\/\/lactedeco.fr\/index.php\/product\/boite-a-alliances\/","title":{"rendered":"Bo\u00eete \u00e0 alliances"},"content":{"rendered":"<p>Cette boite en verre et m\u00e9tal dor\u00e9, pourra servir de boite de boite \u00e0 alliance. Dimensions 10,5cm \/ 5,5cm.<\/p>\n","protected":false},"excerpt":{"rendered":"<p>Cette boite en verre et m\u00e9tal dor\u00e9, pourra servir de boite de boite \u00e0 alliance. Dimensions 10,5cm \/ 5,5cm.<\/p>\n","protected":false},"featured_media":29471,"template":"","meta":[],"product_brand":[],"product_cat":[149],"product_tag":[],"class_list":{"0":"post-29468","1":"product","2":"type-product","3":"status-publish","4":"has-post-thumbnail","6":"product_cat-decoration","9":"first","10":"instock","11":"sold-individually","12":"shipping-taxable","13":"purchasable","14":"product-type-simple"},"_links":{"self":[{"href":"https:\/\/lactedeco.fr\/index.php\/wp-json\/wp\/v2\/product\/29468","targetHints":{"allow":["GET"]}}],"collection":[{"href":"https:\/\/lactedeco.fr\/index.php\/wp-json\/wp\/v2\/product"}],"about":[{"href":"https:\/\/lactedeco.fr\/index.php\/wp-json\/wp\/v2\/types\/product"}],"wp:featuredmedia":[{"embeddable":true,"href":"https:\/\/lactedeco.fr\/index.php\/wp-json\/wp\/v2\/media\/29471"}],"wp:attachment":[{"href":"https:\/\/lactedeco.fr\/index.php\/wp-json\/wp\/v2\/media?parent=29468"}],"wp:term":[{"taxonomy":"product_brand","embeddable":true,"href":"https:\/\/lactedeco.fr\/index.php\/wp-json\/wp\/v2\/product_brand?post=29468"},{"taxonomy":"product_cat","embeddable":true,"href":"https:\/\/lactedeco.fr\/index.php\/wp-json\/wp\/v2\/product_cat?post=29468"},{"taxonomy":"product_tag","embeddable":true,"href":"https:\/\/lactedeco.fr\/index.php\/wp-json\/wp\/v2\/product_tag?post=29468"}],"curies":[{"name":"wp","href":"https:\/\/api.w.org\/{rel}","templated":true}]}}