{"id":29472,"date":"2026-01-11T19:02:05","date_gmt":"2026-01-11T19:02:05","guid":{"rendered":"https:\/\/lactedeco.fr\/?post_type=product&#038;p=29472"},"modified":"2026-03-16T11:00:18","modified_gmt":"2026-03-16T11:00:18","slug":"bougeoir","status":"publish","type":"product","link":"https:\/\/lactedeco.fr\/index.php\/product\/bougeoir\/","title":{"rendered":"Bougeoir"},"content":{"rendered":"<p>Ce bougeoir en m\u00e9tal dor\u00e9 sera un excellent choix pour une d\u00e9coration de table moderne et \u00e9l\u00e9gante.<\/p>\n<p>3 dimensions vous sont propos\u00e9es pour cr\u00e9er diverses hauteurs sur vos tables.<\/p>\n<p>Petit:12cm H &#8211; Moyen: 16cm H &#8211; Grand: 20cm H<\/p>\n","protected":false},"excerpt":{"rendered":"<p>Ce bougeoir en m\u00e9tal dor\u00e9 sera un excellent choix pour une d\u00e9coration de table moderne et \u00e9l\u00e9gante. 3 dimensions vous sont propos\u00e9es pour cr\u00e9er diverses hauteurs sur vos tables. Petit:12cm H &#8211; Moyen: 16cm H &#8211; Grand: 20cm H<\/p>\n","protected":false},"featured_media":29474,"template":"","meta":[],"product_brand":[],"product_cat":[150],"product_tag":[],"class_list":{"0":"post-29472","1":"product","2":"type-product","3":"status-publish","4":"has-post-thumbnail","6":"product_cat-lumiere","9":"first","10":"instock","11":"shipping-taxable","12":"purchasable","13":"product-type-simple"},"_links":{"self":[{"href":"https:\/\/lactedeco.fr\/index.php\/wp-json\/wp\/v2\/product\/29472","targetHints":{"allow":["GET"]}}],"collection":[{"href":"https:\/\/lactedeco.fr\/index.php\/wp-json\/wp\/v2\/product"}],"about":[{"href":"https:\/\/lactedeco.fr\/index.php\/wp-json\/wp\/v2\/types\/product"}],"wp:featuredmedia":[{"embeddable":true,"href":"https:\/\/lactedeco.fr\/index.php\/wp-json\/wp\/v2\/media\/29474"}],"wp:attachment":[{"href":"https:\/\/lactedeco.fr\/index.php\/wp-json\/wp\/v2\/media?parent=29472"}],"wp:term":[{"taxonomy":"product_brand","embeddable":true,"href":"https:\/\/lactedeco.fr\/index.php\/wp-json\/wp\/v2\/product_brand?post=29472"},{"taxonomy":"product_cat","embeddable":true,"href":"https:\/\/lactedeco.fr\/index.php\/wp-json\/wp\/v2\/product_cat?post=29472"},{"taxonomy":"product_tag","embeddable":true,"href":"https:\/\/lactedeco.fr\/index.php\/wp-json\/wp\/v2\/product_tag?post=29472"}],"curies":[{"name":"wp","href":"https:\/\/api.w.org\/{rel}","templated":true}]}}