{"id":29533,"date":"2026-01-17T15:14:53","date_gmt":"2026-01-17T15:14:53","guid":{"rendered":"https:\/\/lactedeco.fr\/?post_type=product&#038;p=29533"},"modified":"2026-01-17T15:14:53","modified_gmt":"2026-01-17T15:14:53","slug":"bougie-led","status":"publish","type":"product","link":"https:\/\/lactedeco.fr\/index.php\/product\/bougie-led\/","title":{"rendered":"Bougie LED"},"content":{"rendered":"<p>Bougie LED au design \u00e9pur\u00e9, id\u00e9ales pour cr\u00e9er une ambiance douce, \u00e9l\u00e9gante et s\u00e9curis\u00e9e lors de vos \u00e9v\u00e8nements. 3 Dimensions<\/p>\n","protected":false},"excerpt":{"rendered":"<p>Bougie LED au design \u00e9pur\u00e9, id\u00e9ales pour cr\u00e9er une ambiance douce, \u00e9l\u00e9gante et s\u00e9curis\u00e9e lors de vos \u00e9v\u00e8nements. 3 Dimensions<\/p>\n","protected":false},"featured_media":29534,"template":"","meta":[],"product_brand":[],"product_cat":[150],"product_tag":[],"class_list":{"0":"post-29533","1":"product","2":"type-product","3":"status-publish","4":"has-post-thumbnail","6":"product_cat-lumiere","9":"first","10":"instock","11":"shipping-taxable","12":"purchasable","13":"product-type-simple"},"_links":{"self":[{"href":"https:\/\/lactedeco.fr\/index.php\/wp-json\/wp\/v2\/product\/29533","targetHints":{"allow":["GET"]}}],"collection":[{"href":"https:\/\/lactedeco.fr\/index.php\/wp-json\/wp\/v2\/product"}],"about":[{"href":"https:\/\/lactedeco.fr\/index.php\/wp-json\/wp\/v2\/types\/product"}],"wp:featuredmedia":[{"embeddable":true,"href":"https:\/\/lactedeco.fr\/index.php\/wp-json\/wp\/v2\/media\/29534"}],"wp:attachment":[{"href":"https:\/\/lactedeco.fr\/index.php\/wp-json\/wp\/v2\/media?parent=29533"}],"wp:term":[{"taxonomy":"product_brand","embeddable":true,"href":"https:\/\/lactedeco.fr\/index.php\/wp-json\/wp\/v2\/product_brand?post=29533"},{"taxonomy":"product_cat","embeddable":true,"href":"https:\/\/lactedeco.fr\/index.php\/wp-json\/wp\/v2\/product_cat?post=29533"},{"taxonomy":"product_tag","embeddable":true,"href":"https:\/\/lactedeco.fr\/index.php\/wp-json\/wp\/v2\/product_tag?post=29533"}],"curies":[{"name":"wp","href":"https:\/\/api.w.org\/{rel}","templated":true}]}}