{"id":29579,"date":"2026-01-31T17:24:47","date_gmt":"2026-01-31T17:24:47","guid":{"rendered":"https:\/\/lactedeco.fr\/?post_type=product&#038;p=29579"},"modified":"2026-01-31T17:24:47","modified_gmt":"2026-01-31T17:24:47","slug":"bougeoir-5","status":"publish","type":"product","link":"https:\/\/lactedeco.fr\/index.php\/product\/bougeoir-5\/","title":{"rendered":"Bougeoir"},"content":{"rendered":"<p>Bougeoir dor\u00e9 , chic et intemporel, il habille vos tables avec \u00e9l\u00e9gance et diffuse une lumi\u00e8re chaleureuse pour une ambiance raffin\u00e9e et m\u00e9morable.<\/p>\n","protected":false},"excerpt":{"rendered":"<p>Bougeoir dor\u00e9 , chic et intemporel, il habille vos tables avec \u00e9l\u00e9gance et diffuse une lumi\u00e8re chaleureuse pour une ambiance raffin\u00e9e et m\u00e9morable.<\/p>\n","protected":false},"featured_media":29580,"template":"","meta":[],"product_brand":[],"product_cat":[150],"product_tag":[],"class_list":{"0":"post-29579","1":"product","2":"type-product","3":"status-publish","4":"has-post-thumbnail","6":"product_cat-lumiere","9":"first","10":"instock","11":"shipping-taxable","12":"purchasable","13":"product-type-simple"},"_links":{"self":[{"href":"https:\/\/lactedeco.fr\/index.php\/wp-json\/wp\/v2\/product\/29579","targetHints":{"allow":["GET"]}}],"collection":[{"href":"https:\/\/lactedeco.fr\/index.php\/wp-json\/wp\/v2\/product"}],"about":[{"href":"https:\/\/lactedeco.fr\/index.php\/wp-json\/wp\/v2\/types\/product"}],"wp:featuredmedia":[{"embeddable":true,"href":"https:\/\/lactedeco.fr\/index.php\/wp-json\/wp\/v2\/media\/29580"}],"wp:attachment":[{"href":"https:\/\/lactedeco.fr\/index.php\/wp-json\/wp\/v2\/media?parent=29579"}],"wp:term":[{"taxonomy":"product_brand","embeddable":true,"href":"https:\/\/lactedeco.fr\/index.php\/wp-json\/wp\/v2\/product_brand?post=29579"},{"taxonomy":"product_cat","embeddable":true,"href":"https:\/\/lactedeco.fr\/index.php\/wp-json\/wp\/v2\/product_cat?post=29579"},{"taxonomy":"product_tag","embeddable":true,"href":"https:\/\/lactedeco.fr\/index.php\/wp-json\/wp\/v2\/product_tag?post=29579"}],"curies":[{"name":"wp","href":"https:\/\/api.w.org\/{rel}","templated":true}]}}