{"id":29755,"date":"2026-03-16T14:47:27","date_gmt":"2026-03-16T14:47:27","guid":{"rendered":"https:\/\/lactedeco.fr\/?post_type=product&#038;p=29755"},"modified":"2026-03-16T14:47:27","modified_gmt":"2026-03-16T14:47:27","slug":"photophore-7","status":"publish","type":"product","link":"https:\/\/lactedeco.fr\/index.php\/product\/photophore-7\/","title":{"rendered":"Photophore"},"content":{"rendered":"<p>Photophore en verre bleu ciel, \u00e9l\u00e9gant et intemporel, il diffuse une lumi\u00e8re douce et sublime vos tables avec simplicit\u00e9 et raffinement.<\/p>\n","protected":false},"excerpt":{"rendered":"<p>Photophore en verre bleu ciel, \u00e9l\u00e9gant et intemporel, il diffuse une lumi\u00e8re douce et sublime vos tables avec simplicit\u00e9 et raffinement.<\/p>\n","protected":false},"featured_media":29757,"template":"","meta":[],"product_brand":[],"product_cat":[150],"product_tag":[],"class_list":{"0":"post-29755","1":"product","2":"type-product","3":"status-publish","4":"has-post-thumbnail","6":"product_cat-lumiere","9":"first","10":"instock","11":"shipping-taxable","12":"purchasable","13":"product-type-simple"},"_links":{"self":[{"href":"https:\/\/lactedeco.fr\/index.php\/wp-json\/wp\/v2\/product\/29755","targetHints":{"allow":["GET"]}}],"collection":[{"href":"https:\/\/lactedeco.fr\/index.php\/wp-json\/wp\/v2\/product"}],"about":[{"href":"https:\/\/lactedeco.fr\/index.php\/wp-json\/wp\/v2\/types\/product"}],"wp:featuredmedia":[{"embeddable":true,"href":"https:\/\/lactedeco.fr\/index.php\/wp-json\/wp\/v2\/media\/29757"}],"wp:attachment":[{"href":"https:\/\/lactedeco.fr\/index.php\/wp-json\/wp\/v2\/media?parent=29755"}],"wp:term":[{"taxonomy":"product_brand","embeddable":true,"href":"https:\/\/lactedeco.fr\/index.php\/wp-json\/wp\/v2\/product_brand?post=29755"},{"taxonomy":"product_cat","embeddable":true,"href":"https:\/\/lactedeco.fr\/index.php\/wp-json\/wp\/v2\/product_cat?post=29755"},{"taxonomy":"product_tag","embeddable":true,"href":"https:\/\/lactedeco.fr\/index.php\/wp-json\/wp\/v2\/product_tag?post=29755"}],"curies":[{"name":"wp","href":"https:\/\/api.w.org\/{rel}","templated":true}]}}