{"id":29760,"date":"2026-03-16T14:49:37","date_gmt":"2026-03-16T14:49:37","guid":{"rendered":"https:\/\/lactedeco.fr\/?post_type=product&#038;p=29760"},"modified":"2026-03-16T14:49:37","modified_gmt":"2026-03-16T14:49:37","slug":"soliflore-2","status":"publish","type":"product","link":"https:\/\/lactedeco.fr\/index.php\/product\/soliflore-2\/","title":{"rendered":"Soliflore"},"content":{"rendered":"<p>Vase en verre sobre et \u00e9l\u00e9gant avec bordure dor\u00e9, il met en valeur vos compositions florales et apporte une touche raffin\u00e9e \u00e0 vos d\u00e9cors de table et \u00e9v\u00e8nements. Hauteur 12cm.<\/p>\n","protected":false},"excerpt":{"rendered":"<p>Vase en verre sobre et \u00e9l\u00e9gant avec bordure dor\u00e9, il met en valeur vos compositions florales et apporte une touche raffin\u00e9e \u00e0 vos d\u00e9cors de table et \u00e9v\u00e8nements. Hauteur 12cm.<\/p>\n","protected":false},"featured_media":29761,"template":"","meta":[],"product_brand":[],"product_cat":[151],"product_tag":[],"class_list":{"0":"post-29760","1":"product","2":"type-product","3":"status-publish","4":"has-post-thumbnail","6":"product_cat-vases-et-contenants","9":"first","10":"instock","11":"shipping-taxable","12":"purchasable","13":"product-type-simple"},"_links":{"self":[{"href":"https:\/\/lactedeco.fr\/index.php\/wp-json\/wp\/v2\/product\/29760","targetHints":{"allow":["GET"]}}],"collection":[{"href":"https:\/\/lactedeco.fr\/index.php\/wp-json\/wp\/v2\/product"}],"about":[{"href":"https:\/\/lactedeco.fr\/index.php\/wp-json\/wp\/v2\/types\/product"}],"wp:featuredmedia":[{"embeddable":true,"href":"https:\/\/lactedeco.fr\/index.php\/wp-json\/wp\/v2\/media\/29761"}],"wp:attachment":[{"href":"https:\/\/lactedeco.fr\/index.php\/wp-json\/wp\/v2\/media?parent=29760"}],"wp:term":[{"taxonomy":"product_brand","embeddable":true,"href":"https:\/\/lactedeco.fr\/index.php\/wp-json\/wp\/v2\/product_brand?post=29760"},{"taxonomy":"product_cat","embeddable":true,"href":"https:\/\/lactedeco.fr\/index.php\/wp-json\/wp\/v2\/product_cat?post=29760"},{"taxonomy":"product_tag","embeddable":true,"href":"https:\/\/lactedeco.fr\/index.php\/wp-json\/wp\/v2\/product_tag?post=29760"}],"curies":[{"name":"wp","href":"https:\/\/api.w.org\/{rel}","templated":true}]}}