{"id":29764,"date":"2026-03-16T14:51:29","date_gmt":"2026-03-16T14:51:29","guid":{"rendered":"https:\/\/lactedeco.fr\/?post_type=product&#038;p=29764"},"modified":"2026-03-16T14:51:29","modified_gmt":"2026-03-16T14:51:29","slug":"soliflore-3","status":"publish","type":"product","link":"https:\/\/lactedeco.fr\/index.php\/product\/soliflore-3\/","title":{"rendered":"Soliflore"},"content":{"rendered":"<p>Soliflore en verre rose , le d\u00e9tail \u00e9l\u00e9gant qui sublime une fleur et apporte une touche chic et raffin\u00e9e \u00e0 vos tables et d\u00e9cors \u00e9v\u00e8nementiels.<\/p>\n","protected":false},"excerpt":{"rendered":"<p>Soliflore en verre rose , le d\u00e9tail \u00e9l\u00e9gant qui sublime une fleur et apporte une touche chic et raffin\u00e9e \u00e0 vos tables et d\u00e9cors \u00e9v\u00e8nementiels.<\/p>\n","protected":false},"featured_media":29765,"template":"","meta":[],"product_brand":[],"product_cat":[151],"product_tag":[],"class_list":{"0":"post-29764","1":"product","2":"type-product","3":"status-publish","4":"has-post-thumbnail","6":"product_cat-vases-et-contenants","9":"first","10":"instock","11":"shipping-taxable","12":"purchasable","13":"product-type-simple"},"_links":{"self":[{"href":"https:\/\/lactedeco.fr\/index.php\/wp-json\/wp\/v2\/product\/29764","targetHints":{"allow":["GET"]}}],"collection":[{"href":"https:\/\/lactedeco.fr\/index.php\/wp-json\/wp\/v2\/product"}],"about":[{"href":"https:\/\/lactedeco.fr\/index.php\/wp-json\/wp\/v2\/types\/product"}],"wp:featuredmedia":[{"embeddable":true,"href":"https:\/\/lactedeco.fr\/index.php\/wp-json\/wp\/v2\/media\/29765"}],"wp:attachment":[{"href":"https:\/\/lactedeco.fr\/index.php\/wp-json\/wp\/v2\/media?parent=29764"}],"wp:term":[{"taxonomy":"product_brand","embeddable":true,"href":"https:\/\/lactedeco.fr\/index.php\/wp-json\/wp\/v2\/product_brand?post=29764"},{"taxonomy":"product_cat","embeddable":true,"href":"https:\/\/lactedeco.fr\/index.php\/wp-json\/wp\/v2\/product_cat?post=29764"},{"taxonomy":"product_tag","embeddable":true,"href":"https:\/\/lactedeco.fr\/index.php\/wp-json\/wp\/v2\/product_tag?post=29764"}],"curies":[{"name":"wp","href":"https:\/\/api.w.org\/{rel}","templated":true}]}}